{"id":19221,"date":"2016-08-26T09:45:01","date_gmt":"2016-08-26T07:45:01","guid":{"rendered":"http:\/\/dooweet.org\/?page_id=19221"},"modified":"2025-05-14T09:45:33","modified_gmt":"2025-05-14T07:45:33","slug":"contact-us","status":"publish","type":"page","link":"https:\/\/dooweet.org\/en\/contact-us\/","title":{"rendered":"Contact us"},"content":{"rendered":"\n<div class=\"wp-block-ugb-container ugb-container quote ugb-6ef3126 ugb-container--v2 ugb-container--design-plain ugb-main-block\"><style>.ugb-6ef3126-wrapper > .ugb-container__side{padding-top:35px !important;padding-bottom:35px !important}.ugb-6ef3126-wrapper.ugb-container__wrapper{padding-top:0 !important;padding-bottom:0 !important}@media screen and (min-width:768px){.ugb-6ef3126-content-wrapper.ugb-container__content-wrapper{width:100% !important}.ugb-6ef3126.ugb-container{margin-top:0px !important}}@media screen and (max-width:768px){.ugb-6ef3126.ugb-container{margin-top:-30px !important}}<\/style><div class=\"ugb-inner-block\"><div class=\"ugb-block-content\"><div class=\"ugb-container__wrapper ugb-6ef3126-wrapper\"><div class=\"ugb-container__side\"><div class=\"ugb-container__content-wrapper ugb-6ef3126-content-wrapper\">\n<div class=\"wpcf7 no-js\" id=\"wpcf7-f19603-o1\" lang=\"fr-FR\" dir=\"ltr\">\n<div class=\"screen-reader-response\"><p role=\"status\" aria-live=\"polite\" aria-atomic=\"true\"><\/p> <ul><\/ul><\/div>\n<form action=\"\/en\/wp-json\/wp\/v2\/pages\/19221#wpcf7-f19603-o1\" method=\"post\" class=\"wpcf7-form init\" aria-label=\"Formulaire de contact\" novalidate=\"novalidate\" data-status=\"init\">\n<div style=\"display: none;\">\n<input type=\"hidden\" name=\"_wpcf7\" value=\"19603\" \/>\n<input type=\"hidden\" name=\"_wpcf7_version\" value=\"5.8.4\" \/>\n<input type=\"hidden\" name=\"_wpcf7_locale\" value=\"fr_FR\" \/>\n<input type=\"hidden\" name=\"_wpcf7_unit_tag\" value=\"wpcf7-f19603-o1\" \/>\n<input type=\"hidden\" name=\"_wpcf7_container_post\" value=\"0\" \/>\n<input type=\"hidden\" name=\"_wpcf7_posted_data_hash\" value=\"\" \/>\n<input type=\"hidden\" name=\"_wpcf7_recaptcha_response\" value=\"\" \/>\n<\/div>\n<div class=\"demande-devis  wpb_column vc_column_container vc_col-sm-12 vc_col-lg-6\" style=\"padding: 0 10px;\">\n    <div class=\"vc_column-inner\">\n\n        <h3 style=\"margin-top: 10px; margin-bottom: 20px;\">YOUR INFORMATION<\/h3>\n\n        <p><label for=\"represent\">You represent*<\/label><span class=\"wpcf7-form-control-wrap\" data-name=\"represent\"><select class=\"wpcf7-form-control wpcf7-select wpcf7-validates-as-required\" aria-required=\"true\" aria-invalid=\"false\" name=\"represent\"><option value=\"An artist \/ a band\">An artist \/ a band<\/option><option value=\"A label\">A label<\/option><option value=\"A publisher\">A publisher<\/option><option value=\"A booker\">A booker<\/option><option value=\"An event producer\">An event producer<\/option><option value=\"Another profession\">Another profession<\/option><\/select><\/span><\/p>\n        <p><span class=\"wpcf7-form-control-wrap\" data-name=\"your-name\"><input size=\"40\" class=\"wpcf7-form-control wpcf7-text wpcf7-validates-as-required\" aria-required=\"true\" aria-invalid=\"false\" placeholder=\"Last name &amp; first name*\" value=\"\" type=\"text\" name=\"your-name\" \/><\/span><\/p>\n        <p><span class=\"wpcf7-form-control-wrap\" data-name=\"your-email\"><input size=\"40\" class=\"wpcf7-form-control wpcf7-email wpcf7-validates-as-required wpcf7-text wpcf7-validates-as-email\" aria-required=\"true\" aria-invalid=\"false\" placeholder=\"Email*\" value=\"\" type=\"email\" name=\"your-email\" \/><\/span><\/p>\n        <p><span class=\"wpcf7-form-control-wrap\" data-name=\"phone\"><input size=\"40\" class=\"wpcf7-form-control wpcf7-tel wpcf7-validates-as-required wpcf7-text wpcf7-validates-as-tel\" aria-required=\"true\" aria-invalid=\"false\" placeholder=\"Phone*\" value=\"\" type=\"tel\" name=\"phone\" \/><\/span><\/p>\n    <\/div>\n<\/div>\n\n<div class=\"demande-devis wpb_column vc_column_container vc_col-sm-12 vc_col-lg-6\" style=\"padding: 0 10px;\">\n    <div class=\"vc_column-inner\">\n\n        <h3 style=\"margin-top: 10px; margin-bottom: 20px;\">ABOUT YOUR PROJECT<\/h3>\n\n        <p class=\"services-wanted\"><label for=\"services-wanted\">You express interest for those services :<\/label><span class=\"wpcf7-form-control-wrap\" data-name=\"services-wanted\"><span class=\"wpcf7-form-control wpcf7-checkbox\"><span class=\"wpcf7-list-item first\"><input type=\"checkbox\" name=\"services-wanted[]\" value=\"Media Relations\" \/><span class=\"wpcf7-list-item-label\">Media Relations<\/span><\/span><span class=\"wpcf7-list-item\"><input type=\"checkbox\" name=\"services-wanted[]\" value=\"Digital Marketing\" \/><span class=\"wpcf7-list-item-label\">Digital Marketing<\/span><\/span><span class=\"wpcf7-list-item last\"><input type=\"checkbox\" name=\"services-wanted[]\" value=\"Offline Marketing\" \/><span class=\"wpcf7-list-item-label\">Offline Marketing<\/span><\/span><\/span><\/span><\/p>\n\n        <p style=\"margin-top: 36px; margin-bottom: 17px;\"><span class=\"wpcf7-form-control-wrap\" data-name=\"listen-link\"><input size=\"40\" class=\"wpcf7-form-control wpcf7-text wpcf7-validates-as-required\" aria-required=\"true\" aria-invalid=\"false\" placeholder=\"Audio link \/ Video link*\" value=\"\" type=\"text\" name=\"listen-link\" \/><\/span><strong><small style=\"color: #d61c13; font-size: 12px; display: block; line-height: 17px;\">Without a listen or download link, your request will be ignored and we will not act on it.<\/small><\/strong><\/p>\n    <\/div>\n<\/div>\n\n<div class=\"wpb_column vc_column_container vc_col-sm-12\">\n    <div class=\"vc_column-inner\">\n        <div style=\"margin: 0 50px 0 10px\"><span class=\"wpcf7-form-control-wrap\" data-name=\"description\"><textarea cols=\"40\" rows=\"10\" class=\"wpcf7-form-control wpcf7-textarea\" aria-invalid=\"false\" placeholder=\"Describe your project\" name=\"description\"><\/textarea><\/span><\/div>\n        <style>.wpcf7-recaptcha div { margin: 0 auto; }<\/style>\n        <p style=\"width: 100%;\"><\/p>\n        <p><input class=\"wpcf7-form-control wpcf7-submit has-spinner\" type=\"submit\" value=\"Send my request\" \/><\/p>\n    <\/div>\n<\/div><div class=\"wpcf7-response-output\" aria-hidden=\"true\"><\/div>\n<\/form>\n<\/div>\n\n<\/div><\/div><\/div><\/div><\/div><\/div>\n\n\n\n<div class=\"wp-block-ugb-container ugb-container full-width full-width-grid full-width-grid-text-right ugb-04b4ab0 ugb-container--v2 ugb-container--design-basic ugb-main-block\"><style>.ugb-04b4ab0-wrapper.ugb-container__wrapper{border-radius:0px !important;background-color:transparent !important}.ugb-04b4ab0-wrapper.ugb-container__wrapper:before{background-color:transparent !important}.ugb-04b4ab0-content-wrapper > h1,.ugb-04b4ab0-content-wrapper > h2,.ugb-04b4ab0-content-wrapper > h3,.ugb-04b4ab0-content-wrapper > h4,.ugb-04b4ab0-content-wrapper > h5,.ugb-04b4ab0-content-wrapper > h6{color:#222222}.ugb-04b4ab0-content-wrapper > p,.ugb-04b4ab0-content-wrapper > ol li,.ugb-04b4ab0-content-wrapper > ul li{color:#222222}@media screen and (min-width:768px){.ugb-04b4ab0-content-wrapper.ugb-container__content-wrapper{width:100% !important}.ugb-04b4ab0.ugb-container{margin-bottom:0px !important}}@media screen and (min-width:768px){.ugb-04b4ab0 > .ugb-inner-block > .ugb-block-content > *{padding-top:0px !important;padding-bottom:0px !important;padding-right:0px !important;padding-left:0px !important}}<\/style><div class=\"ugb-inner-block\"><div class=\"ugb-block-content\"><div class=\"ugb-container__wrapper ugb-04b4ab0-wrapper ugb--shadow-0\"><div class=\"ugb-container__side\"><div class=\"ugb-container__content-wrapper ugb-04b4ab0-content-wrapper\">\n<div class=\"wp-block-columns has-2-columns is-layout-flex wp-container-core-columns-layout-1 wp-block-columns-is-layout-flex\">\n<div class=\"wp-block-column is-vertically-aligned-center is-layout-flow wp-block-column-is-layout-flow\">\n<figure class=\"wp-block-image size-full\"><img decoding=\"async\" width=\"637\" height=\"367\" src=\"https:\/\/dooweet.org\/wp-content\/uploads\/2025\/04\/map-2.jpg\" alt=\"\" class=\"wp-image-38331\" srcset=\"https:\/\/dooweet.org\/wp-content\/uploads\/2025\/04\/map-2.jpg 637w, https:\/\/dooweet.org\/wp-content\/uploads\/2025\/04\/map-2-300x173.jpg 300w\" sizes=\"(max-width: 637px) 100vw, 637px\" \/><\/figure>\n<\/div>\n\n\n\n<div class=\"wp-block-column is-vertically-aligned-center is-layout-flow wp-block-column-is-layout-flow\">\n<div class=\"hours_contact\">\n\n    <div class=\"hours\">\n\n        <div class=\"title\">Opening Hours<\/div>\n\n        <div class=\"day\">\n            <span>MON<\/span>\n            <span>09:00 &#8211; 18:00<\/span>\n        <\/div>\n        <div class=\"day\">\n            <span>TUE<\/span>\n            <span>09:00 &#8211; 18:00<\/span>\n        <\/div>\n        <div class=\"day\">\n            <span>WED<\/span>\n            <span>09:00 &#8211; 18:00<\/span>\n        <\/div>\n        <div class=\"day\">\n            <span>THU<\/span>\n            <span>09:00 &#8211; 18:00<\/span>\n        <\/div>\n        <div class=\"day\">\n            <span>FRI<\/span>\n            <span>09:00 &#8211; 18:00<\/span>\n        <\/div>\n        <div class=\"day\">\n            <span>SAT<\/span>\n            <span><span>Closed<\/span><\/span>\n        <\/div>\n        <div class=\"day\">\n            <span>SUN<\/span>\n            <span><span>Closed<\/span><\/span>\n        <\/div>\n    <\/div>\n\n    <div class=\"contact-us\">\n\n        <div class=\"title\">Contact Us<\/div>\n\n        <div class=\"address\">\n            Dooweet Montpellier<br>\n            6 bis Boulevard Berthelot<br>\n            34000 Montpellier<br>\n            France\n        <\/div>\n\n        <a href=\"tel:(+33) 4 72 53 57 86\">(+33) 4 72 53 57 86<\/a>\n    <\/div>\n\n<\/div>\n\n\n\n\n<p><\/p>\n<\/div>\n<\/div>\n<\/div><\/div><\/div><\/div><\/div><\/div>\n\n\n\n<div class=\"wp-block-ugb-container ugb-container ugb-c059518 ugb-container--v2 ugb-container--design-basic ugb-main-block\"><style>.ugb-c059518-wrapper.ugb-container__wrapper{border-radius:0px !important}@media screen and (min-width:768px){.ugb-c059518.ugb-container{margin-bottom:0px !important;padding-top:0px !important;padding-bottom:0px !important}}@media screen and (max-width:768px){.ugb-c059518.ugb-container{margin-top:-90px !important}}@media screen and (min-width:768px){.ugb-c059518 > .ugb-inner-block > .ugb-block-content > *{padding-top:0px !important;padding-bottom:0px !important;padding-right:0px !important;padding-left:0px !important}}<\/style><div class=\"ugb-inner-block\"><div class=\"ugb-block-content\"><div class=\"ugb-container__wrapper ugb-c059518-wrapper ugb--shadow-0\"><div class=\"ugb-container__side\"><div class=\"ugb-container__content-wrapper ugb-c059518-content-wrapper\">\n<div class=\"wp-block-columns is-layout-flex wp-container-core-columns-layout-2 wp-block-columns-is-layout-flex\">\n<div class=\"wp-block-column is-layout-flow wp-block-column-is-layout-flow\">\n<h2 class=\"wp-block-heading custom-style\">Trust our agency<\/h2>\n\n\n\n<p>Originally based in the French capital, our music promotion agency Dooweet is now expanding to Occitanie and even to the heart of &#8220;The City That Never Sleeps.&#8221; We believe this extensive presence makes it easier to connect with talented artists of all origins and backgrounds.<br>Partout en France, nous appliquons les m\u00eames techniques de marketing musical et de promotion artistique. Tout part d\u2019un projet: le v\u00f4tre. Dooweet se charge ensuite de choisir le service en ad\u00e9quation avec vos attentes, vos envies et vos \u00e9ventuelles contraintes.<br><br>We strive to establish a genuine exchange with each of the artists we promote. This involves contact, objective opinions, and experienced advice, even beyond the marketing and music press officer services we offer.<br><br>Dooweet welcomes you by appointment at its Montpellier office. We are committed to effective and sustainable promotion of your musical or vocal creation, which deserves to be heard and known by as many people as possible.<\/p>\n<\/div>\n\n\n\n<div class=\"wp-block-column d-block is-layout-flow wp-block-column-is-layout-flow\">\n<h2 class=\"wp-block-heading custom-style\">The advantages of <br>using a music<br>promotion agency<\/h2>\n\n\n\n<p>As a singer, musician, or even an artistic producer, you are fully aware that promotion is a crucial step in the success of your project, regardless of your experience. Amateurs and professionals in the music industry alike, who entrust their visibility needs to a music marketing and press agency, benefit, among other things:<\/p>\n\n\n\n<ul>\n<li>Professional, comprehensive and lasting support<\/li>\n\n\n\n<li>Privileged contacts with players in the music sector<\/li>\n\n\n\n<li>Powerful and innovative tools that manage digital presence<\/li>\n\n\n\n<li>Offers adapted to all budgets and possible constraints<\/li>\n\n\n\n<li>From data analysis that refines the choice of one service to another\u2026<\/li>\n<\/ul>\n\n\n\n<p>This non-exhaustive list actually reflects only a small facet of the music press officer profession in Montpellier, Occitanie, as well as throughout France and the world. In our opinion, there are no &#8220;ready-made&#8221; promotional formulas, since each action depends on your preferences and expectations.<\/p>\n<\/div>\n<\/div>\n<\/div><\/div><\/div><\/div><\/div><\/div>\n\n\n\n<div class=\"wp-block-ugb-container ugb-container full-width reverse-orange ugb-86f32cb ugb-container--v2 ugb-container--design-plain ugb-main-block\"><style>@media screen and (min-width:768px){.ugb-86f32cb-content-wrapper.ugb-container__content-wrapper{width:100% !important}.ugb-86f32cb.ugb-container{margin-top:20px !important;margin-bottom:0px !important}}@media screen and (max-width:768px){.ugb-86f32cb.ugb-container{margin-top:-100px !important;margin-bottom:-100px !important}}@media screen and (min-width:768px){.ugb-86f32cb > .ugb-inner-block > .ugb-block-content > *{padding-top:20px !important}}<\/style><div class=\"ugb-inner-block\"><div class=\"ugb-block-content\"><div class=\"ugb-container__wrapper ugb-86f32cb-wrapper\"><div class=\"ugb-container__side\"><div class=\"ugb-container__content-wrapper ugb-86f32cb-content-wrapper\">\n<h2 class=\"wp-block-heading has-text-align-center\">Press officers &amp; music marketing<\/h2>\n\n\n\n<p class=\"has-text-align-center\">The music industry has been undergoing a number of upheavals for several years. Primarily due to a fundamental shift in music consumption patterns, these changes have had a major impact on music promotion in the broadest sense. Between the decline of the CD, the streaming boom, and the resurgence of vinyl, music promotion is also evolving. Convinced that this spotlight on an artist must keep pace with the times without being limited to a specific geographic area, the music marketing agency Dooweet now offers its services in Montpellier, in the H\u00e9rault region.<\/p>\n<\/div><\/div><\/div><\/div><\/div><\/div>\n\n\n\n<div class=\"wp-block-ugb-container ugb-container ugb-1d6e21e ugb-container--v2 ugb-container--design-basic ugb-main-block\"><style>.ugb-1d6e21e-wrapper.ugb-container__wrapper{border-radius:0px !important}@media screen and (min-width:768px){.ugb-1d6e21e > .ugb-inner-block > .ugb-block-content > *{padding-top:0px !important;padding-bottom:0px !important;padding-right:0px !important;padding-left:0px !important}}<\/style><div class=\"ugb-inner-block\"><div class=\"ugb-block-content\"><div class=\"ugb-container__wrapper ugb-1d6e21e-wrapper ugb--shadow-0\"><div class=\"ugb-container__side\"><div class=\"ugb-container__content-wrapper ugb-1d6e21e-content-wrapper\">\n<p style=\"font-size:10px\">The data collected on this form is processed by Dooweet Agency and E-Corp. This data allows our sales teams to contact you to respond to your message and assist you with your project. This data may be stored in our customer and prospect database, and you may receive communications from us regarding our offers and products, industry news, and event invitations. You can remove yourself from our mailing lists using the unsubscribe link included in each of our messages. To learn more about how our companies process your personal data and your rights, you can contact us at our head office address.<\/p>\n<\/div><\/div><\/div><\/div><\/div><\/div>\n","protected":false},"excerpt":{"rendered":"<p>Opening Hours MON 09:00 &#8211; 18:00 TUE 09:00 &#8211; 18:00 WED 09:00 &#8211; 18:00 THU 09:00 &#8211; 18:00 FRI 09:00 &#8211; 18:00 SAT Closed SUN Closed Contact Us Dooweet Montpellier 6 bis Boulevard Berthelot 34000 Montpellier France (+33) 4 72 53 57 86 Trust our agency Originally based in the French capital, our music promotion [&hellip;]<\/p>\n","protected":false},"author":1,"featured_media":25424,"parent":0,"menu_order":0,"comment_status":"closed","ping_status":"closed","template":"page-no-header.php","meta":{"inline_featured_image":false,"footnotes":""},"acf":[],"aioseo_notices":[],"featured_image_urls":{"full":["https:\/\/dooweet.org\/wp-content\/uploads\/2016\/07\/dooweet_FOND_mug-scaled.jpg",2560,1707,false],"thumbnail":["https:\/\/dooweet.org\/wp-content\/uploads\/2016\/07\/dooweet_FOND_mug-scaled-150x150.jpg",150,150,true],"medium":["https:\/\/dooweet.org\/wp-content\/uploads\/2016\/07\/dooweet_FOND_mug-scaled-300x200.jpg",300,200,true],"medium_large":["https:\/\/dooweet.org\/wp-content\/uploads\/2016\/07\/dooweet_FOND_mug-768x512.jpg",768,512,true],"large":["https:\/\/dooweet.org\/wp-content\/uploads\/2016\/07\/dooweet_FOND_mug-1024x683.jpg",1024,683,true],"1536x1536":["https:\/\/dooweet.org\/wp-content\/uploads\/2016\/07\/dooweet_FOND_mug-scaled-1536x1024.jpg",1536,1024,true],"2048x2048":["https:\/\/dooweet.org\/wp-content\/uploads\/2016\/07\/dooweet_FOND_mug-scaled-2048x1366.jpg",2048,1366,true],"tiny":["https:\/\/dooweet.org\/wp-content\/uploads\/2016\/07\/dooweet_FOND_mug-scaled-80x80.jpg",80,80,true],"single-medium":["https:\/\/dooweet.org\/wp-content\/uploads\/2016\/07\/dooweet_FOND_mug-scaled-400x170.jpg",400,170,true],"single-full":["https:\/\/dooweet.org\/wp-content\/uploads\/2016\/07\/dooweet_FOND_mug-scaled-1080x500.jpg",1080,500,true]},"post_excerpt_stackable":"<p>YOUR INFORMATION You represent*An artist \/ a bandA labelA publisherA bookerAn event producerAnother profession ABOUT YOUR PROJECT You express interest for those services :Media RelationsDigital MarketingOffline Marketing Without a listen or download link, your request will be ignored and we will not act on it. Opening Hours MON 09:00 &#8211; 18:00 TUE 09:00 &#8211; 18:00 WED 09:00 &#8211; 18:00 THU 09:00 &#8211; 18:00 FRI 09:00 &#8211; 18:00 SAT Closed SUN Closed Contact Us Dooweet Montpellier 6 bis Boulevard Berthelot 34000 Montpellier France (+33) 4 72 53 57 86 Trust our agency Originally based in the French capital, our music promotion&hellip;<\/p>\n","category_list":"","author_info":{"name":"Chris","url":"https:\/\/dooweet.org\/en\/author\/chris\/"},"comments_num":"0 comments","featured_image_urls_v2":{"full":["https:\/\/dooweet.org\/wp-content\/uploads\/2016\/07\/dooweet_FOND_mug-scaled.jpg",2560,1707,false],"thumbnail":["https:\/\/dooweet.org\/wp-content\/uploads\/2016\/07\/dooweet_FOND_mug-scaled-150x150.jpg",150,150,true],"medium":["https:\/\/dooweet.org\/wp-content\/uploads\/2016\/07\/dooweet_FOND_mug-scaled-300x200.jpg",300,200,true],"medium_large":["https:\/\/dooweet.org\/wp-content\/uploads\/2016\/07\/dooweet_FOND_mug-768x512.jpg",768,512,true],"large":["https:\/\/dooweet.org\/wp-content\/uploads\/2016\/07\/dooweet_FOND_mug-1024x683.jpg",1024,683,true],"1536x1536":["https:\/\/dooweet.org\/wp-content\/uploads\/2016\/07\/dooweet_FOND_mug-scaled-1536x1024.jpg",1536,1024,true],"2048x2048":["https:\/\/dooweet.org\/wp-content\/uploads\/2016\/07\/dooweet_FOND_mug-scaled-2048x1366.jpg",2048,1366,true],"tiny":["https:\/\/dooweet.org\/wp-content\/uploads\/2016\/07\/dooweet_FOND_mug-scaled-80x80.jpg",80,80,true],"single-medium":["https:\/\/dooweet.org\/wp-content\/uploads\/2016\/07\/dooweet_FOND_mug-scaled-400x170.jpg",400,170,true],"single-full":["https:\/\/dooweet.org\/wp-content\/uploads\/2016\/07\/dooweet_FOND_mug-scaled-1080x500.jpg",1080,500,true]},"post_excerpt_stackable_v2":"<p>YOUR INFORMATION You represent*An artist \/ a bandA labelA publisherA bookerAn event producerAnother profession ABOUT YOUR PROJECT You express interest for those services :Media RelationsDigital MarketingOffline Marketing Without a listen or download link, your request will be ignored and we will not act on it. Opening Hours MON 09:00 &#8211; 18:00 TUE 09:00 &#8211; 18:00 WED 09:00 &#8211; 18:00 THU 09:00 &#8211; 18:00 FRI 09:00 &#8211; 18:00 SAT Closed SUN Closed Contact Us Dooweet Montpellier 6 bis Boulevard Berthelot 34000 Montpellier France (+33) 4 72 53 57 86 Trust our agency Originally based in the French capital, our music promotion&hellip;<\/p>\n","category_list_v2":"","author_info_v2":{"name":"Chris","url":"https:\/\/dooweet.org\/en\/author\/chris\/"},"comments_num_v2":"0 comments","_links":{"self":[{"href":"https:\/\/dooweet.org\/en\/wp-json\/wp\/v2\/pages\/19221"}],"collection":[{"href":"https:\/\/dooweet.org\/en\/wp-json\/wp\/v2\/pages"}],"about":[{"href":"https:\/\/dooweet.org\/en\/wp-json\/wp\/v2\/types\/page"}],"author":[{"embeddable":true,"href":"https:\/\/dooweet.org\/en\/wp-json\/wp\/v2\/users\/1"}],"replies":[{"embeddable":true,"href":"https:\/\/dooweet.org\/en\/wp-json\/wp\/v2\/comments?post=19221"}],"version-history":[{"count":0,"href":"https:\/\/dooweet.org\/en\/wp-json\/wp\/v2\/pages\/19221\/revisions"}],"wp:featuredmedia":[{"embeddable":true,"href":"https:\/\/dooweet.org\/en\/wp-json\/wp\/v2\/media\/25424"}],"wp:attachment":[{"href":"https:\/\/dooweet.org\/en\/wp-json\/wp\/v2\/media?parent=19221"}],"curies":[{"name":"wp","href":"https:\/\/api.w.org\/{rel}","templated":true}]}}